{"id":17,"date":"2025-06-25T02:08:49","date_gmt":"2025-06-25T02:08:49","guid":{"rendered":"https:\/\/nat-dent.es\/rclientes\/?page_id=17"},"modified":"2025-07-11T21:18:45","modified_gmt":"2025-07-11T19:18:45","slug":"registro","status":"publish","type":"page","link":"https:\/\/nat-dent.es\/rclientes\/registro\/","title":{"rendered":"Registro"},"content":{"rendered":"\t\t<div data-elementor-type=\"wp-page\" data-elementor-id=\"17\" class=\"elementor elementor-17\" data-elementor-post-type=\"page\">\n\t\t\t\t<div class=\"elementor-element elementor-element-63cc31a e-flex e-con-boxed e-con e-parent\" data-id=\"63cc31a\" data-element_type=\"container\">\n\t\t\t\t\t<div class=\"e-con-inner\">\n\t\t\t\t<div class=\"elementor-element elementor-element-c1d8fc1 elementor-widget elementor-widget-jet-form-builder-form\" data-id=\"c1d8fc1\" data-element_type=\"widget\" data-widget_type=\"jet-form-builder-form.default\">\n\t\t\t\t<div class=\"elementor-widget-container\">\n\t\t\t\t\t<link rel='stylesheet' id='wp-block-library-css' href='https:\/\/nat-dent.es\/rclientes\/wp-includes\/css\/dist\/block-library\/style.min.css?ver=6.9.4' media='all' \/>\n<style id=\"jet-form-builder-146-inline-css\"><\/style><form  class=\"jet-form-builder layout-column submit-type-reload\" action=\"https:\/\/nat-dent.es\/rclientes\/wp-json\/wp\/v2\/pages\/17\/?oenjEN=eCniQln27L&amp;method=reload\" method=\"POST\" data-form-id=\"146\" data-layout=\"column\" enctype=\"multipart\/form-data\" novalidate=\"null\" ssr_validation_method=\"rest\"><input type=\"hidden\" id=\"_wpnonce\" name=\"_wpnonce\" value=\"5c8339f4da\" \/><input type=\"hidden\" name=\"_wp_http_referer\" value=\"\/rclientes\/wp-json\/wp\/v2\/pages\/17\" \/>\r\n<input type=\"hidden\" name=\"_jfb_current_render_states[]\" value=\"DEFAULT.STATE\" data-jfb-sync \/><input type=\"hidden\" class=\"jet-form-builder__field hidden-field\" name=\"_jet_engine_booking_form_id\" data-field-name=\"_jet_engine_booking_form_id\" value=\"146\">\n<input type=\"hidden\" class=\"jet-form-builder__field hidden-field\" name=\"_jet_engine_refer\" data-field-name=\"_jet_engine_refer\" value=\"https:\/\/nat-dent.es\/rclientes\/wp-json\/wp\/v2\/pages\/17\/\">\n<input type=\"hidden\" class=\"jet-form-builder__field hidden-field\" name=\"__queried_post_id\" data-field-name=\"__queried_post_id\" value=\"17\">\n<div  class=\"jet-form-builder-row field-type-text-field\" >\n<div class=\"jet-form-builder__label\">\r\n<label class=\"jet-form-builder__label-text\" for=\"nombre_empresa\">Empresa<\/label><\/div><div class=\"jet-form-builder__field-wrap\">\n\t\t\t\t<input name=\"nombre_empresa\" id=\"nombre_empresa\" type=\"text\" data-field-name=\"nombre_empresa\" class=\"jet-form-builder__field text-field\" data-jfb-sync=\"null\" autocomplete=\"off_bqPK4MjO\">\n\t\t\t\t\t<\/div>\n<\/div>\n\n<div  class=\"jet-form-builder-row field-type-text-field\" >\n<div class=\"jet-form-builder__label\">\r\n<label class=\"jet-form-builder__label-text\" for=\"dni_nif\">DNI \/ NIF<\/label><\/div><div class=\"jet-form-builder__field-wrap\">\n\t\t\t\t<input name=\"dni_nif\" id=\"dni_nif\" type=\"text\" data-field-name=\"dni_nif\" class=\"jet-form-builder__field text-field\" data-jfb-sync=\"null\" autocomplete=\"off_Pn5LYfEB\">\n\t\t\t\t\t<\/div>\n<\/div>\n\n<div  class=\"jet-form-builder-row field-type-text-field\" >\n<div class=\"jet-form-builder__label\">\r\n<label class=\"jet-form-builder__label-text\" for=\"direccion_envio\">Direcci\u00f3n<\/label><\/div><div class=\"jet-form-builder__field-wrap\">\n\t\t\t\t<input name=\"direccion_envio\" id=\"direccion_envio\" type=\"text\" data-field-name=\"direccion_envio\" class=\"jet-form-builder__field text-field\" data-jfb-sync=\"null\" autocomplete=\"off_p1qy5Qao\">\n\t\t\t\t\t<\/div>\n<\/div>\n\n<div  class=\"jet-form-builder-row field-type-text-field\" >\n<div class=\"jet-form-builder__label\">\r\n<label class=\"jet-form-builder__label-text\" for=\"municipio\">Municipio<\/label><\/div><div class=\"jet-form-builder__field-wrap\">\n\t\t\t\t<input name=\"municipio\" id=\"municipio\" type=\"text\" data-field-name=\"municipio\" class=\"jet-form-builder__field text-field\" data-jfb-sync=\"null\" autocomplete=\"off_XBMxGAQm\">\n\t\t\t\t\t<\/div>\n<\/div>\n\n<div  class=\"jet-form-builder-row field-type-text-field\" >\n<div class=\"jet-form-builder__label\">\r\n<label class=\"jet-form-builder__label-text\" for=\"provincia\">Provincia<\/label><\/div><div class=\"jet-form-builder__field-wrap\">\n\t\t\t\t<input name=\"provincia\" id=\"provincia\" type=\"text\" data-field-name=\"provincia\" class=\"jet-form-builder__field text-field\" data-jfb-sync=\"null\" autocomplete=\"off_4iXRuFQY\">\n\t\t\t\t\t<\/div>\n<\/div>\n\n<div  class=\"jet-form-builder-row field-type-text-field\" >\n<div class=\"jet-form-builder__label\">\r\n<label class=\"jet-form-builder__label-text\" for=\"codigo_postal\">C\u00f3digo Postal<\/label><\/div><div class=\"jet-form-builder__field-wrap\">\n\t\t\t\t<input name=\"codigo_postal\" id=\"codigo_postal\" type=\"text\" data-field-name=\"codigo_postal\" class=\"jet-form-builder__field text-field\" data-jfb-sync=\"null\" autocomplete=\"off_Fkp2xsyw\">\n\t\t\t\t\t<\/div>\n<\/div>\n\n<div  class=\"jet-form-builder-row field-type-text-field\" >\n<div class=\"jet-form-builder__label\">\r\n<label class=\"jet-form-builder__label-text\" for=\"telefono_cliente\">Tel\u00e9fono<\/label><\/div><div class=\"jet-form-builder__field-wrap\">\n\t\t\t\t<input name=\"telefono_cliente\" id=\"telefono_cliente\" type=\"text\" data-field-name=\"telefono_cliente\" class=\"jet-form-builder__field text-field\" data-jfb-sync=\"null\" autocomplete=\"off_jQiWoJ9D\">\n\t\t\t\t\t<\/div>\n<\/div>\n\n<div  class=\"jet-form-builder-row field-type-text-field\" >\n<div class=\"jet-form-builder__label\">\r\n<label class=\"jet-form-builder__label-text\" for=\"user_login\">Nombre de usuario <span class=\"jet-form-builder__required\">*<\/span><\/label><\/div><div class=\"jet-form-builder__field-wrap\">\n\t\t\t\t<input required=\"required\" name=\"user_login\" id=\"user_login\" type=\"text\" data-field-name=\"user_login\" class=\"jet-form-builder__field text-field\" data-jfb-sync=\"null\" autocomplete=\"off_4agRni31\">\n\t\t\t\t\t<\/div>\n<\/div>\n\n<div  class=\"jet-form-builder-row field-type-text-field\" >\n<div class=\"jet-form-builder__label\">\r\n<label class=\"jet-form-builder__label-text\" for=\"user_email\">Correo electr\u00f3nico <span class=\"jet-form-builder__required\">*<\/span><\/label><\/div><div class=\"jet-form-builder__field-wrap\">\n\t\t\t\t<input required=\"required\" name=\"user_email\" id=\"user_email\" type=\"text\" data-field-name=\"user_email\" class=\"jet-form-builder__field text-field\" data-jfb-sync=\"null\" autocomplete=\"off_RCVGpFhW\">\n\t\t\t\t\t<\/div>\n<\/div>\n\n<div  class=\"jet-form-builder-row field-type-text-field\" >\n<div class=\"jet-form-builder__label\">\r\n<label class=\"jet-form-builder__label-text\" for=\"user_password\">Contrase\u00f1a <span class=\"jet-form-builder__required\">*<\/span><\/label><\/div><div class=\"jet-form-builder__field-wrap\">\n\t\t\t\t<input required=\"required\" name=\"user_password\" id=\"user_password\" type=\"text\" data-field-name=\"user_password\" class=\"jet-form-builder__field text-field\" data-jfb-sync=\"null\" autocomplete=\"off_PKxlGmDj\">\n\t\t\t\t\t<\/div>\n<\/div>\n\n<div  class=\"jet-form-builder-row field-type-text-field\" >\n<div class=\"jet-form-builder__label\">\r\n<label class=\"jet-form-builder__label-text\" for=\"confirm_password\">Confirmar contrase\u00f1a<\/label><\/div><div class=\"jet-form-builder__field-wrap\">\n\t\t\t\t<input name=\"confirm_password\" id=\"confirm_password\" type=\"password\" data-field-name=\"confirm_password\" class=\"jet-form-builder__field text-field\" data-jfb-sync=\"null\" autocomplete=\"off_vRdhMrez\">\n\t\t\t\t\t<\/div>\n<\/div>\n\n<div  class=\"jet-form-builder-row field-type-submit-field\" >\n\t<div data-type=\"submit\" class=\"jet-form-builder__action-button-wrapper jet-form-builder__submit-wrap\">\n\t<button class=\"jet-form-builder__action-button jet-form-builder__submit submit-type-reload\" type=\"submit\">Registrarse<\/button>\n\t<\/div>\n\t\n<\/div>\n\n\t<div class=\"jet-form-builder-messages-wrap\" data-form-id=\"146\"><\/div>\n<\/form>\n\t\t\t\t<\/div>\n\t\t\t\t<\/div>\n\t\t\t\t\t<\/div>\n\t\t\t\t<\/div>\n\t\t\t\t<\/div>\n\t\t","protected":false},"excerpt":{"rendered":"<p>Empresa DNI \/ NIF Direcci\u00f3n Municipio Provincia C\u00f3digo Postal Tel\u00e9fono Nombre de usuario * Correo electr\u00f3nico * Contrase\u00f1a * Confirmar contrase\u00f1a Registrarse<\/p>\n","protected":false},"author":1,"featured_media":0,"parent":0,"menu_order":0,"comment_status":"closed","ping_status":"closed","template":"","meta":{"footnotes":""},"class_list":["post-17","page","type-page","status-publish","hentry"],"_links":{"self":[{"href":"https:\/\/nat-dent.es\/rclientes\/wp-json\/wp\/v2\/pages\/17","targetHints":{"allow":["GET"]}}],"collection":[{"href":"https:\/\/nat-dent.es\/rclientes\/wp-json\/wp\/v2\/pages"}],"about":[{"href":"https:\/\/nat-dent.es\/rclientes\/wp-json\/wp\/v2\/types\/page"}],"author":[{"embeddable":true,"href":"https:\/\/nat-dent.es\/rclientes\/wp-json\/wp\/v2\/users\/1"}],"replies":[{"embeddable":true,"href":"https:\/\/nat-dent.es\/rclientes\/wp-json\/wp\/v2\/comments?post=17"}],"version-history":[{"count":7,"href":"https:\/\/nat-dent.es\/rclientes\/wp-json\/wp\/v2\/pages\/17\/revisions"}],"predecessor-version":[{"id":460,"href":"https:\/\/nat-dent.es\/rclientes\/wp-json\/wp\/v2\/pages\/17\/revisions\/460"}],"wp:attachment":[{"href":"https:\/\/nat-dent.es\/rclientes\/wp-json\/wp\/v2\/media?parent=17"}],"curies":[{"name":"wp","href":"https:\/\/api.w.org\/{rel}","templated":true}]}}